{"id":17,"date":"2018-02-06T19:29:34","date_gmt":"2018-02-06T19:29:34","guid":{"rendered":"http:\/\/wassermuehle-ovelgoenne.de\/?page_id=17"},"modified":"2026-01-28T11:19:36","modified_gmt":"2026-01-28T11:19:36","slug":"home","status":"publish","type":"page","link":"http:\/\/wassermuehle-ovelgoenne.de\/?page_id=17","title":{"rendered":"Home"},"content":{"rendered":"<h2>Herzlich willkommen auf der Homepage des &#8222;Vereins Ovelg\u00f6nner Wasserm\u00fchle e. V.&#8220;<\/h2>\n<p>Auf den nachfolgenden Seiten erfahren Sie alles Wissenswerte&nbsp; \u00fcber die Geschichte und Technik bis hin zu aktuellen Veranstaltungen der Wasserm\u00fchle von 1674 zu Ovelg\u00f6nne.<\/p>\n<p style=\"text-align: center;\"><span style=\"font-family: comic\\ sans\\ ms, sans-serif; font-size: 36pt;\">&#8222;Gl\u00fcck zu!&#8220;<\/span><\/p>\n\n\n<div class=\"wp-container-1 wp-block-group\"><div class=\"wp-block-group__inner-container\"><div class=\"wp-block-image\">\n<figure class=\"aligncenter size-large is-resized\"><img loading=\"lazy\" src=\"http:\/\/wassermuehle-ovelgoenne.de\/wp-content\/uploads\/2026\/01\/IMG_20250810_102727-1024x768.jpg\" alt=\"\" class=\"wp-image-942\" width=\"512\" height=\"384\" srcset=\"http:\/\/wassermuehle-ovelgoenne.de\/wp-content\/uploads\/2026\/01\/IMG_20250810_102727-1024x768.jpg 1024w, http:\/\/wassermuehle-ovelgoenne.de\/wp-content\/uploads\/2026\/01\/IMG_20250810_102727-300x225.jpg 300w, http:\/\/wassermuehle-ovelgoenne.de\/wp-content\/uploads\/2026\/01\/IMG_20250810_102727-768x576.jpg 768w, http:\/\/wassermuehle-ovelgoenne.de\/wp-content\/uploads\/2026\/01\/IMG_20250810_102727-1536x1152.jpg 1536w, http:\/\/wassermuehle-ovelgoenne.de\/wp-content\/uploads\/2026\/01\/IMG_20250810_102727-2048x1536.jpg 2048w, http:\/\/wassermuehle-ovelgoenne.de\/wp-content\/uploads\/2026\/01\/IMG_20250810_102727-678x509.jpg 678w, http:\/\/wassermuehle-ovelgoenne.de\/wp-content\/uploads\/2026\/01\/IMG_20250810_102727-326x245.jpg 326w, http:\/\/wassermuehle-ovelgoenne.de\/wp-content\/uploads\/2026\/01\/IMG_20250810_102727-80x60.jpg 80w\" sizes=\"(max-width: 512px) 100vw, 512px\" \/><\/figure><\/div><\/div><\/div>\n\n\n\n<div class=\"wp-container-3 wp-block-group\"><div class=\"wp-block-group__inner-container\">\n<div class=\"wp-container-2 wp-block-group\"><div class=\"wp-block-group__inner-container\"><\/div><\/div>\n<\/div><\/div>\n","protected":false},"excerpt":{"rendered":"<div class=\"mh-excerpt\"><p>Herzlich willkommen auf der Homepage des &#8222;Vereins Ovelg\u00f6nner Wasserm\u00fchle e. V.&#8220; Auf den nachfolgenden Seiten erfahren Sie alles Wissenswerte&nbsp; \u00fcber die Geschichte und Technik bis <a class=\"mh-excerpt-more\" href=\"http:\/\/wassermuehle-ovelgoenne.de\/?page_id=17\" title=\"Home\">[&#8230;]<\/a><\/p>\n<\/div>","protected":false},"author":1,"featured_media":922,"parent":0,"menu_order":1,"comment_status":"closed","ping_status":"closed","template":"template-full.php","meta":[],"_links":{"self":[{"href":"http:\/\/wassermuehle-ovelgoenne.de\/index.php?rest_route=\/wp\/v2\/pages\/17"}],"collection":[{"href":"http:\/\/wassermuehle-ovelgoenne.de\/index.php?rest_route=\/wp\/v2\/pages"}],"about":[{"href":"http:\/\/wassermuehle-ovelgoenne.de\/index.php?rest_route=\/wp\/v2\/types\/page"}],"author":[{"embeddable":true,"href":"http:\/\/wassermuehle-ovelgoenne.de\/index.php?rest_route=\/wp\/v2\/users\/1"}],"replies":[{"embeddable":true,"href":"http:\/\/wassermuehle-ovelgoenne.de\/index.php?rest_route=%2Fwp%2Fv2%2Fcomments&post=17"}],"version-history":[{"count":11,"href":"http:\/\/wassermuehle-ovelgoenne.de\/index.php?rest_route=\/wp\/v2\/pages\/17\/revisions"}],"predecessor-version":[{"id":946,"href":"http:\/\/wassermuehle-ovelgoenne.de\/index.php?rest_route=\/wp\/v2\/pages\/17\/revisions\/946"}],"wp:featuredmedia":[{"embeddable":true,"href":"http:\/\/wassermuehle-ovelgoenne.de\/index.php?rest_route=\/wp\/v2\/media\/922"}],"wp:attachment":[{"href":"http:\/\/wassermuehle-ovelgoenne.de\/index.php?rest_route=%2Fwp%2Fv2%2Fmedia&parent=17"}],"curies":[{"name":"wp","href":"https:\/\/api.w.org\/{rel}","templated":true}]}}