{"id":21,"date":"2018-02-06T19:30:37","date_gmt":"2018-02-06T19:30:37","guid":{"rendered":"http:\/\/wassermuehle-ovelgoenne.de\/?page_id=21"},"modified":"2024-10-29T10:06:06","modified_gmt":"2024-10-29T10:06:06","slug":"historie","status":"publish","type":"page","link":"http:\/\/wassermuehle-ovelgoenne.de\/?page_id=21","title":{"rendered":"Historie"},"content":{"rendered":"<h2>Kurz-Chronik: Die Geschichte der M\u00fchle<\/h2>\n<h4 style=\"text-align: justify;\"><\/h4>\n<ul style=\"text-align: justify;\">\n<li><strong>1674&nbsp;<\/strong>&nbsp;&nbsp; Meister Detlef Schwar errichtete die oberschl\u00e4chtige Wasserm\u00fchle in Ovelg\u00f6nne am Ketzenbeek; ein bereits vorhandener gestauter Fischteich diente als M\u00fchlenteich. Durch das herrschaftliche Eigentumsrecht musste Schwar Pacht f\u00fcr &#8222;seine&#8220; M\u00fchle zahlen.<\/li>\n<li><strong>1758\/1759 &nbsp;&nbsp; <\/strong>Der Mahlboden, der Fu\u00dfboden in der Stube, die Treppe zum Mahlboden und zum Dachboden sowie die Holzwand an der Wasserrad-Seite wurden erneuert.<strong><br \/>\n<\/strong><\/li>\n<li><strong>um 1800<\/strong>&nbsp;&nbsp;&nbsp; Der reetgedeckte Fachwerkbau wurde um ein Gefach nach Westen erweitert, um den Wohntrakt zu vergr\u00f6\u00dfern.<\/li>\n<li><strong>Mitte des 19. Jahrhunders&nbsp;&nbsp;<\/strong>&nbsp; Ein Schornstein wurde eingebaut sowie kleinere Reparaturen im Au\u00dfenwandbereich des Wohnteils vorgenommen. Die Jahreszahl 1855 auf der Mahlwerkstrommel deutet auf den Zeitpunkt einer Grund\u00fcberholung des M\u00fchlenwerks hin. Hierzu geh\u00f6rte die teilweise Umstellung von Holz auf Metall: das neue Wasserrad und Gerinne&nbsp; waren aus Eisen, ein zus\u00e4tzlicher Antrieb f\u00fcr eine Dreschmaschine au\u00dferhalb der M\u00fchle erhielt eiserne Zahnr\u00e4der.<\/li>\n<li><strong>1872<\/strong>&nbsp;&nbsp;&nbsp; Das herrschaftliche Besitzverh\u00e4ltnis endete: Heinrich Peters, der Urgro\u00dfvater des letzten M\u00fchlenbesitzers, kaufte die M\u00fchle.<\/li>\n<li><strong>bis etwa 1900&nbsp;&nbsp;&nbsp; <\/strong>Die holzverkleidete Fachwerkkonstruktion der Ostwand am Wasserrad wurde durch eine massive Ziegelmauer ersetzt.<\/li>\n<li><strong>20er Jahre&nbsp; <\/strong>&nbsp; Die h\u00f6lzerne M\u00fchlradwelle brach. Trotz des abnehmenden Mahlbetriebes wurde sie durch eine eiserne ersetzt, um den Antrieb der Dreschmaschine zu erhalten.<\/li>\n<li><strong>1936<\/strong>&nbsp;&nbsp;&nbsp; Nach einem t\u00f6dlichen Unfall wurde der M\u00fchlenbetrieb stillgelegt.<\/li>\n<li><strong>40er Jahre<\/strong> &nbsp;&nbsp; Um der zunehmenden Wohnnutzung der M\u00fchle gerecht zu werden, zog man eine Mauer ein, die das Mahlwerk vom einstigen Arbeitsraum abtrennte.<\/li>\n<li><strong>1984<\/strong>&nbsp;&nbsp;&nbsp; Der Rat der Stadt Buxtehude beschloss den Ankauf der Ovelg\u00f6nner Wasserm\u00fchle.<\/li>\n<li><strong>Herbst 1986<\/strong>&nbsp;&nbsp;&nbsp; Die Sanierungsarbeiten wurden abgeschlossen. Die Ovelg\u00f6nner Wasserm\u00fchle konnte als Dorfgemeinschaftshaus sowie als Kulturdenkmal der \u00d6ffentlichkeit zug\u00e4nglich gemacht werden.<\/li>\n<\/ul>\n<p style=\"text-align: justify;\">\n","protected":false},"excerpt":{"rendered":"<div class=\"mh-excerpt\"><p>Kurz-Chronik: Die Geschichte der M\u00fchle 1674&nbsp;&nbsp;&nbsp; Meister Detlef Schwar errichtete die oberschl\u00e4chtige Wasserm\u00fchle in Ovelg\u00f6nne am Ketzenbeek; ein bereits vorhandener gestauter Fischteich diente als M\u00fchlenteich. <a class=\"mh-excerpt-more\" href=\"http:\/\/wassermuehle-ovelgoenne.de\/?page_id=21\" title=\"Historie\">[&#8230;]<\/a><\/p>\n<\/div>","protected":false},"author":1,"featured_media":0,"parent":19,"menu_order":1,"comment_status":"closed","ping_status":"closed","template":"","meta":[],"_links":{"self":[{"href":"http:\/\/wassermuehle-ovelgoenne.de\/index.php?rest_route=\/wp\/v2\/pages\/21"}],"collection":[{"href":"http:\/\/wassermuehle-ovelgoenne.de\/index.php?rest_route=\/wp\/v2\/pages"}],"about":[{"href":"http:\/\/wassermuehle-ovelgoenne.de\/index.php?rest_route=\/wp\/v2\/types\/page"}],"author":[{"embeddable":true,"href":"http:\/\/wassermuehle-ovelgoenne.de\/index.php?rest_route=\/wp\/v2\/users\/1"}],"replies":[{"embeddable":true,"href":"http:\/\/wassermuehle-ovelgoenne.de\/index.php?rest_route=%2Fwp%2Fv2%2Fcomments&post=21"}],"version-history":[{"count":2,"href":"http:\/\/wassermuehle-ovelgoenne.de\/index.php?rest_route=\/wp\/v2\/pages\/21\/revisions"}],"predecessor-version":[{"id":887,"href":"http:\/\/wassermuehle-ovelgoenne.de\/index.php?rest_route=\/wp\/v2\/pages\/21\/revisions\/887"}],"up":[{"embeddable":true,"href":"http:\/\/wassermuehle-ovelgoenne.de\/index.php?rest_route=\/wp\/v2\/pages\/19"}],"wp:attachment":[{"href":"http:\/\/wassermuehle-ovelgoenne.de\/index.php?rest_route=%2Fwp%2Fv2%2Fmedia&parent=21"}],"curies":[{"name":"wp","href":"https:\/\/api.w.org\/{rel}","templated":true}]}}