{"id":215,"date":"2018-02-14T18:49:24","date_gmt":"2018-02-14T18:49:24","guid":{"rendered":"http:\/\/wassermuehle-ovelgoenne.de\/?page_id=215"},"modified":"2024-10-29T10:07:59","modified_gmt":"2024-10-29T10:07:59","slug":"restaurierung","status":"publish","type":"page","link":"http:\/\/wassermuehle-ovelgoenne.de\/?page_id=215","title":{"rendered":"Restaurierung"},"content":{"rendered":"<h2>Die Restaurierung<\/h2>\n<figure id=\"attachment_265\" aria-describedby=\"caption-attachment-265\" style=\"width: 700px\" class=\"wp-caption alignnone\"><img loading=\"lazy\" class=\"size-full wp-image-265\" src=\"http:\/\/wassermuehle-ovelgoenne.de\/wp-content\/uploads\/2018\/02\/restaur1.jpg\" alt=\"\" width=\"700\" height=\"500\"><figcaption id=\"caption-attachment-265\" class=\"wp-caption-text\">Nach der Gr\u00fcndung des &#8222;Vereins Ovelg\u00f6nner Wasserm\u00fchle e. V.&#8220; fanden erste Vorgespr\u00e4che mit den Architekten zur Restaurierung und weiteren Vorgehensweise statt.<\/figcaption><\/figure>\n<p>(von links nach rechts: Alfred Brockmann (+), die Architketen Horst Basedahl und Helmut Frenzel, Werner Benecke (+), Rolf Marquardt, Prof. Meyer-Bruck (+), Wolfgang B\u00f6ttjer (+), Wolfgang Deutschbein)<\/p>\n<hr>\n<p>Wie notwendig eine Restaurierung war, ist den nachfolgenden Dokumenten zu entnehmen!<\/p>\n<p><img loading=\"lazy\" class=\"alignnone size-full wp-image-268\" src=\"http:\/\/wassermuehle-ovelgoenne.de\/wp-content\/uploads\/2018\/02\/restaur2-1.jpg\" alt=\"\" width=\"700\" height=\"500\"><\/p>\n<p><img loading=\"lazy\" class=\"alignnone size-full wp-image-269\" src=\"http:\/\/wassermuehle-ovelgoenne.de\/wp-content\/uploads\/2018\/02\/restaur3.jpg\" alt=\"\" width=\"500\" height=\"700\"><\/p>\n<p><img loading=\"lazy\" class=\"alignnone size-full wp-image-270\" src=\"http:\/\/wassermuehle-ovelgoenne.de\/wp-content\/uploads\/2018\/02\/restaur4.jpg\" alt=\"\" width=\"500\" height=\"700\"><\/p>\n<p>Und so sah es w\u00e4hrend der Restaurierungsarbeiten aus:<\/p>\n<p><img loading=\"lazy\" class=\"alignnone size-full wp-image-271\" src=\"http:\/\/wassermuehle-ovelgoenne.de\/wp-content\/uploads\/2018\/02\/restaur5.jpg\" alt=\"\" width=\"450\" height=\"600\"><\/p>\n<p><img loading=\"lazy\" class=\"alignnone size-full wp-image-272\" src=\"http:\/\/wassermuehle-ovelgoenne.de\/wp-content\/uploads\/2018\/02\/restaur6.jpg\" alt=\"\" width=\"550\" height=\"460\"><\/p>\n<p>Und dann war es endlich soweit:<\/p>\n<p><img loading=\"lazy\" class=\"alignnone size-full wp-image-273\" src=\"http:\/\/wassermuehle-ovelgoenne.de\/wp-content\/uploads\/2018\/02\/restaur7.jpg\" alt=\"\" width=\"600\" height=\"400\"><\/p>\n","protected":false},"excerpt":{"rendered":"<div class=\"mh-excerpt\"><p>Die Restaurierung (von links nach rechts: Alfred Brockmann (+), die Architketen Horst Basedahl und Helmut Frenzel, Werner Benecke (+), Rolf Marquardt, Prof. Meyer-Bruck (+), Wolfgang <a class=\"mh-excerpt-more\" href=\"http:\/\/wassermuehle-ovelgoenne.de\/?page_id=215\" title=\"Restaurierung\">[&#8230;]<\/a><\/p>\n<\/div>","protected":false},"author":1,"featured_media":0,"parent":21,"menu_order":6,"comment_status":"closed","ping_status":"closed","template":"","meta":[],"_links":{"self":[{"href":"http:\/\/wassermuehle-ovelgoenne.de\/index.php?rest_route=\/wp\/v2\/pages\/215"}],"collection":[{"href":"http:\/\/wassermuehle-ovelgoenne.de\/index.php?rest_route=\/wp\/v2\/pages"}],"about":[{"href":"http:\/\/wassermuehle-ovelgoenne.de\/index.php?rest_route=\/wp\/v2\/types\/page"}],"author":[{"embeddable":true,"href":"http:\/\/wassermuehle-ovelgoenne.de\/index.php?rest_route=\/wp\/v2\/users\/1"}],"replies":[{"embeddable":true,"href":"http:\/\/wassermuehle-ovelgoenne.de\/index.php?rest_route=%2Fwp%2Fv2%2Fcomments&post=215"}],"version-history":[{"count":2,"href":"http:\/\/wassermuehle-ovelgoenne.de\/index.php?rest_route=\/wp\/v2\/pages\/215\/revisions"}],"predecessor-version":[{"id":893,"href":"http:\/\/wassermuehle-ovelgoenne.de\/index.php?rest_route=\/wp\/v2\/pages\/215\/revisions\/893"}],"up":[{"embeddable":true,"href":"http:\/\/wassermuehle-ovelgoenne.de\/index.php?rest_route=\/wp\/v2\/pages\/21"}],"wp:attachment":[{"href":"http:\/\/wassermuehle-ovelgoenne.de\/index.php?rest_route=%2Fwp%2Fv2%2Fmedia&parent=215"}],"curies":[{"name":"wp","href":"https:\/\/api.w.org\/{rel}","templated":true}]}}