{"id":31,"date":"2018-02-06T19:37:06","date_gmt":"2018-02-06T19:37:06","guid":{"rendered":"http:\/\/wassermuehle-ovelgoenne.de\/?page_id=31"},"modified":"2024-10-29T10:09:01","modified_gmt":"2024-10-29T10:09:01","slug":"dreischlag","status":"publish","type":"page","link":"http:\/\/wassermuehle-ovelgoenne.de\/?page_id=31","title":{"rendered":"Dreischlag"},"content":{"rendered":"<h3>Es klappert die M\u00fchle am rauschenden Bach &#8230;<\/h3>\n<p style=\"text-align: justify;\">Allgemein bekannt d\u00fcrfte dieses Lied sein. Aber, worauf ist dieses Klappern eigentlich zur\u00fcckzuf\u00fchren? Es ist weder das in den Schaufeln des M\u00fchlrades fallende Wasser noch sind es die Steine, zwischen denen das Korn zermahlen wird. Ebenso wenig ist es das technisch aufwendige Getriebe. Was also ist es?<\/p>\n<p style=\"text-align: justify;\">Ausl\u00f6ser dieses immer wieder erw\u00e4hnten und besungenen Klapperns der Wasserm\u00fchle ist der sog. Dreischlag.<br \/>\nAls Dreischlag wird folgender Vorgang bezeichnet (s. untenstehende Bilder aus unserer Ovelg\u00f6nner Wasserm\u00fchle): Die vierkantige Achse der Mahlwerkspindel schl\u00e4gt w\u00e4hrend der Mahlbewegung mit den Kanten immer wieder gegen den sog. R\u00fcttelschuh, der durch die beiden Seile entsprechend gegen die Achse gef\u00fchrt\/gezogen wird. Durch dieses Anschlagen der Mahlwerkspindel (Dreischlag, in unserm Falle aufgrund der Vierkantachse also ein sog. Vierschlag) wird der R\u00fcttelschuh hin und her bewegt und das Korn kann damit gleichm\u00e4\u00dfig in die M\u00fchlstein\u00f6ffnung flie\u00dfen.<br \/>\nParallel dazu erreicht man mit der H\u00f6henverstellung \u00fcber die beiden Seile eine verh\u00e4ltnism\u00e4\u00dfig genaue Dosierung der Kornmenge, die in die Mahlsteine flie\u00dfen soll &#8211; zuviel w\u00fcrde die Mahlsteine u. U. abrupt zum Stillstand bringen.<\/p>\n<figure id=\"attachment_338\" aria-describedby=\"caption-attachment-338\" style=\"width: 600px\" class=\"wp-caption alignnone\"><img loading=\"lazy\" class=\"size-full wp-image-338\" src=\"http:\/\/wassermuehle-ovelgoenne.de\/wp-content\/uploads\/2018\/02\/dreischlag1.jpg\" alt=\"\" width=\"600\" height=\"396\"><figcaption id=\"caption-attachment-338\" class=\"wp-caption-text\">Detailansicht von Mahlwerkspindel und R\u00fcttelschuh<\/figcaption><\/figure>\n<p><img loading=\"lazy\" class=\"alignnone size-full wp-image-339\" src=\"http:\/\/wassermuehle-ovelgoenne.de\/wp-content\/uploads\/2018\/02\/dreischlag1a.jpg\" alt=\"\" width=\"600\" height=\"396\"><\/p>\n<figure id=\"attachment_340\" aria-describedby=\"caption-attachment-340\" style=\"width: 600px\" class=\"wp-caption alignnone\"><img loading=\"lazy\" class=\"size-full wp-image-340\" src=\"http:\/\/wassermuehle-ovelgoenne.de\/wp-content\/uploads\/2018\/02\/dreischlag2.jpg\" alt=\"\" width=\"600\" height=\"396\"><figcaption id=\"caption-attachment-340\" class=\"wp-caption-text\">Gesamtansicht, zus\u00e4tzlich mit Korntrichter<\/figcaption><\/figure>\n<p><img loading=\"lazy\" class=\"alignnone size-full wp-image-341\" src=\"http:\/\/wassermuehle-ovelgoenne.de\/wp-content\/uploads\/2018\/02\/dreischlag2a.jpg\" alt=\"\" width=\"600\" height=\"396\"><\/p>\n","protected":false},"excerpt":{"rendered":"<div class=\"mh-excerpt\"><p>Es klappert die M\u00fchle am rauschenden Bach &#8230; Allgemein bekannt d\u00fcrfte dieses Lied sein. Aber, worauf ist dieses Klappern eigentlich zur\u00fcckzuf\u00fchren? Es ist weder das <a class=\"mh-excerpt-more\" href=\"http:\/\/wassermuehle-ovelgoenne.de\/?page_id=31\" title=\"Dreischlag\">[&#8230;]<\/a><\/p>\n<\/div>","protected":false},"author":1,"featured_media":0,"parent":23,"menu_order":2,"comment_status":"closed","ping_status":"closed","template":"","meta":[],"_links":{"self":[{"href":"http:\/\/wassermuehle-ovelgoenne.de\/index.php?rest_route=\/wp\/v2\/pages\/31"}],"collection":[{"href":"http:\/\/wassermuehle-ovelgoenne.de\/index.php?rest_route=\/wp\/v2\/pages"}],"about":[{"href":"http:\/\/wassermuehle-ovelgoenne.de\/index.php?rest_route=\/wp\/v2\/types\/page"}],"author":[{"embeddable":true,"href":"http:\/\/wassermuehle-ovelgoenne.de\/index.php?rest_route=\/wp\/v2\/users\/1"}],"replies":[{"embeddable":true,"href":"http:\/\/wassermuehle-ovelgoenne.de\/index.php?rest_route=%2Fwp%2Fv2%2Fcomments&post=31"}],"version-history":[{"count":3,"href":"http:\/\/wassermuehle-ovelgoenne.de\/index.php?rest_route=\/wp\/v2\/pages\/31\/revisions"}],"predecessor-version":[{"id":912,"href":"http:\/\/wassermuehle-ovelgoenne.de\/index.php?rest_route=\/wp\/v2\/pages\/31\/revisions\/912"}],"up":[{"embeddable":true,"href":"http:\/\/wassermuehle-ovelgoenne.de\/index.php?rest_route=\/wp\/v2\/pages\/23"}],"wp:attachment":[{"href":"http:\/\/wassermuehle-ovelgoenne.de\/index.php?rest_route=%2Fwp%2Fv2%2Fmedia&parent=31"}],"curies":[{"name":"wp","href":"https:\/\/api.w.org\/{rel}","templated":true}]}}