{"id":43,"date":"2018-02-06T19:42:26","date_gmt":"2018-02-06T19:42:26","guid":{"rendered":"http:\/\/wassermuehle-ovelgoenne.de\/?page_id=43"},"modified":"2024-10-29T10:08:18","modified_gmt":"2024-10-29T10:08:18","slug":"vrostand","status":"publish","type":"page","link":"http:\/\/wassermuehle-ovelgoenne.de\/?page_id=43","title":{"rendered":"Vorstand"},"content":{"rendered":"<h2>Vereinsvorstand<\/h2>\n<p style=\"text-align: justify;\">Nach der letzten Wahl setzt sich der Vorstand derzeit wie folgt zusammen:<\/p>\n<p style=\"text-align: justify;\">1. Vorsitzende:&nbsp;&nbsp;&nbsp;&nbsp;&nbsp; Ilse Bach<br \/>\n2. Vorsitzender:&nbsp;&nbsp;&nbsp;&nbsp; Sven Schneider<br \/>\n3. Vorsitzende: &nbsp; &nbsp; &nbsp;B\u00e4rbel Will<br \/>\nerw. Vorstand: &nbsp; &nbsp; &nbsp;Nikolaus Lehmann<br \/>\nSchatzmeister: &nbsp; &nbsp; &nbsp;Sven Schneider<br \/>\nSchriftf\u00fchrerin: &nbsp; &nbsp; &nbsp;Martina Strueber<\/p>\n<h3>Downloads<\/h3>\n<h3><a href=\"http:\/\/wassermuehle-ovelgoenne.de\/wp-content\/uploads\/2018\/03\/Hausordnung-aktuell.pdf\">Hausordnung aktuell<\/a><a href=\"http:\/\/wassermuehle-ovelgoenne.de\/wp-content\/uploads\/2018\/03\/Aufnahmeantrag-Druck-aktuell.pdf\"><br \/>\n<\/a><a href=\"http:\/\/wassermuehle-ovelgoenne.de\/wp-content\/uploads\/2018\/03\/Vereinssatzung-aktuell.pdf\">Vereinssatzung aktuell<\/a><\/h3>\n<h3>Unser M\u00fchlenjournal<\/h3>\n<p style=\"text-align: justify;\">Von 1996 bis 2015 erschien j\u00e4hrlich eine Ausgabe unseres M\u00fchlenjournals. Es kamen Vereinsaktive, Fachleute, G\u00e4stegruppen und andere zu Wort mit dem Ziel, unser Nutzungskonzept zwischen touristischer Attraktion am Rad-Fernwanderweg Hamburg &#8211; Cuxhaven und (dorf-) kulturellen Mittelpunkt durch lebendig gestaltete Schilderungen zu illustrieren.<\/p>\n<p style=\"text-align: justify;\">Aufgrund von &#8222;Nachwuchsproblemen&#8220; wurde diese Arbeit bis auf weiteres eingestellt.<\/p>\n","protected":false},"excerpt":{"rendered":"<div class=\"mh-excerpt\"><p>Vereinsvorstand Nach der letzten Wahl setzt sich der Vorstand derzeit wie folgt zusammen: 1. Vorsitzende:&nbsp;&nbsp;&nbsp;&nbsp;&nbsp; Ilse Bach 2. Vorsitzender:&nbsp;&nbsp;&nbsp;&nbsp; Sven Schneider 3. Vorsitzende: &nbsp; &nbsp; <a class=\"mh-excerpt-more\" href=\"http:\/\/wassermuehle-ovelgoenne.de\/?page_id=43\" title=\"Vorstand\">[&#8230;]<\/a><\/p>\n<\/div>","protected":false},"author":1,"featured_media":0,"parent":19,"menu_order":3,"comment_status":"closed","ping_status":"closed","template":"","meta":[],"_links":{"self":[{"href":"http:\/\/wassermuehle-ovelgoenne.de\/index.php?rest_route=\/wp\/v2\/pages\/43"}],"collection":[{"href":"http:\/\/wassermuehle-ovelgoenne.de\/index.php?rest_route=\/wp\/v2\/pages"}],"about":[{"href":"http:\/\/wassermuehle-ovelgoenne.de\/index.php?rest_route=\/wp\/v2\/types\/page"}],"author":[{"embeddable":true,"href":"http:\/\/wassermuehle-ovelgoenne.de\/index.php?rest_route=\/wp\/v2\/users\/1"}],"replies":[{"embeddable":true,"href":"http:\/\/wassermuehle-ovelgoenne.de\/index.php?rest_route=%2Fwp%2Fv2%2Fcomments&post=43"}],"version-history":[{"count":4,"href":"http:\/\/wassermuehle-ovelgoenne.de\/index.php?rest_route=\/wp\/v2\/pages\/43\/revisions"}],"predecessor-version":[{"id":895,"href":"http:\/\/wassermuehle-ovelgoenne.de\/index.php?rest_route=\/wp\/v2\/pages\/43\/revisions\/895"}],"up":[{"embeddable":true,"href":"http:\/\/wassermuehle-ovelgoenne.de\/index.php?rest_route=\/wp\/v2\/pages\/19"}],"wp:attachment":[{"href":"http:\/\/wassermuehle-ovelgoenne.de\/index.php?rest_route=%2Fwp%2Fv2%2Fmedia&parent=43"}],"curies":[{"name":"wp","href":"https:\/\/api.w.org\/{rel}","templated":true}]}}