{"id":51,"date":"2018-02-06T19:46:45","date_gmt":"2018-02-06T19:46:45","guid":{"rendered":"http:\/\/wassermuehle-ovelgoenne.de\/?page_id=51"},"modified":"2026-02-06T16:22:01","modified_gmt":"2026-02-06T16:22:01","slug":"veranstaltungen","status":"publish","type":"page","link":"http:\/\/wassermuehle-ovelgoenne.de\/?page_id=51","title":{"rendered":"Veranstaltungen"},"content":{"rendered":"<div class=\"page\" title=\"Page 1\">\n<div class=\"layoutArea\">\n<div class=\"column\">\n<h2><span style=\"text-decoration: underline;\"><span style=\"font-size: revert; font-weight: revert;\">Mahl- und Backtage 2026<\/span><\/span><\/h2>\n<\/div>\n<\/div>\n<\/div>\n<div class=\"page\" title=\"Page 1\">\n<div class=\"layoutArea\">\n<div class=\"column\">\n<h3>&#8211; 19.04.<br \/>\n&#8211; 25.05. Pfingstmontag (Deutscher M\u00fchlentag)<br \/>\n&#8211; 21.06.<br \/>\n&#8211; 26.07.<br \/>\n&#8211; 13.09. (Tag des offenen Denkmals)<\/h3>\n<h3>&#8211; 04.10.<\/h3>\n<h3>Die M\u00fchle ist von 13:00 Uhr bis ca. 17:00 Uhr f\u00fcr Besucher ge\u00f6ffnet.<br \/>\nAb 15:00 Uhr gibt es den leckeren Butterkuchen aus unserem alten Steinbackofen. Der Bereich der Wasserm\u00fchle ist nicht barrierefrei.<\/h3>\n<h3><span style=\"font-size: 12pt;\">Wir freuen uns auf ihren Besuch!<\/span><\/h3>\n<\/div>\n<\/div>\n<\/div>\n<div class=\"page\" title=\"Page 1\">\n<div class=\"layoutArea\">\n<div class=\"column\">\n<h2><span style=\"text-decoration: underline;\"><span style=\"font-size: revert; font-weight: revert;\">Fr\u00fchschoppen mit den &#8222;Appeltown Washboard Worms&#8220;<\/span><\/span><\/h2>\n<h3><span style=\"font-size: revert; font-weight: revert;\"><span style=\"font-size: 16pt;\">am 01.05.26<\/span><br \/>\n<span style=\"font-size: 16pt;\">von 11:00 Uhr bis ca. 14:00 Uhr (Musik erst ab ca. 12.00 Uhr)<br \/>\nEintritt frei (Spenden erbeten)<\/span><\/span><\/h3>\n<\/div>\n<\/div>\n<\/div>\n<h3><\/h3>\n","protected":false},"excerpt":{"rendered":"<div class=\"mh-excerpt\"><p>Mahl- und Backtage 2026 &#8211; 19.04. &#8211; 25.05. Pfingstmontag (Deutscher M\u00fchlentag) &#8211; 21.06. &#8211; 26.07. &#8211; 13.09. (Tag des offenen Denkmals) &#8211; 04.10. Die M\u00fchle <a class=\"mh-excerpt-more\" href=\"http:\/\/wassermuehle-ovelgoenne.de\/?page_id=51\" title=\"Veranstaltungen\">[&#8230;]<\/a><\/p>\n<\/div>","protected":false},"author":1,"featured_media":0,"parent":27,"menu_order":1,"comment_status":"closed","ping_status":"closed","template":"","meta":[],"_links":{"self":[{"href":"http:\/\/wassermuehle-ovelgoenne.de\/index.php?rest_route=\/wp\/v2\/pages\/51"}],"collection":[{"href":"http:\/\/wassermuehle-ovelgoenne.de\/index.php?rest_route=\/wp\/v2\/pages"}],"about":[{"href":"http:\/\/wassermuehle-ovelgoenne.de\/index.php?rest_route=\/wp\/v2\/types\/page"}],"author":[{"embeddable":true,"href":"http:\/\/wassermuehle-ovelgoenne.de\/index.php?rest_route=\/wp\/v2\/users\/1"}],"replies":[{"embeddable":true,"href":"http:\/\/wassermuehle-ovelgoenne.de\/index.php?rest_route=%2Fwp%2Fv2%2Fcomments&post=51"}],"version-history":[{"count":11,"href":"http:\/\/wassermuehle-ovelgoenne.de\/index.php?rest_route=\/wp\/v2\/pages\/51\/revisions"}],"predecessor-version":[{"id":957,"href":"http:\/\/wassermuehle-ovelgoenne.de\/index.php?rest_route=\/wp\/v2\/pages\/51\/revisions\/957"}],"up":[{"embeddable":true,"href":"http:\/\/wassermuehle-ovelgoenne.de\/index.php?rest_route=\/wp\/v2\/pages\/27"}],"wp:attachment":[{"href":"http:\/\/wassermuehle-ovelgoenne.de\/index.php?rest_route=%2Fwp%2Fv2%2Fmedia&parent=51"}],"curies":[{"name":"wp","href":"https:\/\/api.w.org\/{rel}","templated":true}]}}