{"id":77,"date":"2018-02-07T12:43:01","date_gmt":"2018-02-07T12:43:01","guid":{"rendered":"http:\/\/wassermuehle-ovelgoenne.de\/?page_id=77"},"modified":"2024-10-29T10:10:45","modified_gmt":"2024-10-29T10:10:45","slug":"gaestebuch","status":"publish","type":"page","link":"http:\/\/wassermuehle-ovelgoenne.de\/?page_id=77","title":{"rendered":"G\u00e4stebuch"},"content":{"rendered":"<div class=\"gwolle-gb\"><div class=\"gwolle_gb_messages_top_container\"><\/div>\n\t\t\t<div class=\"gwolle-gb-write-button\">\n\t\t\t\t<input type=\"button\" name=\"gwolle-gb-write-button\" class=\"button btn btn-default \" value=\"Neuen Eintrag schreiben\" \/>\n\t\t\t<\/div>\n\t\t\t<form action=\"#\" method=\"POST\" class=\"gwolle-gb-write gwolle-gb-hide gwolle-gb-float gwolle_gb_form_ajax gwolle-gb-form-ajax gwolle-gb-ajax gwolle-gb-not-logged-in\">\n\t\t\t\t<h3>Einen neuen Eintrag f\u00fcr das G\u00e4stebuch schreiben<\/h3>\n\t\t\t\t<button type=\"button\" class=\"gb-notice-dismiss\">x<span class=\"screen-reader-text\">Dieses Formular ausblenden<\/span><\/button>\n\t\t\t\n\t\t\t\t<input type=\"hidden\" name=\"gwolle_gb_function\" class=\"gwolle_gb_function\" value=\"add_entry\" \/><input type=\"hidden\" name=\"gwolle_gb_book_id\" class=\"gwolle_gb_book_id\" value=\"1\" \/><div class=\"gwolle_gb_413eba77226cfeb89e27c4c4b55b365a\">\n\t\t\t\t<div class=\"label\"><label for=\"gwolle_gb_413eba77226cfeb89e27c4c4b55b365a\" class=\"text-info\">Name <span class=\"required\">*<\/span><\/label><\/div>\n\t\t\t\t<div class=\"input\"><input class=\"wp-exclude-emoji gwolle_gb_413eba77226cfeb89e27c4c4b55b365a\" value=\"\" type=\"text\" name=\"gwolle_gb_413eba77226cfeb89e27c4c4b55b365a\" required \/><\/div>\n\t\t\t\t<div class=\"clearBoth\">&nbsp;<\/div>\n\t\t\t<\/div><div class=\"gwolle_gb_722f06d834f56f4e98fec9e48eee7b62\">\n\t\t\t\t\t<div class=\"label\"><label for=\"gwolle_gb_722f06d834f56f4e98fec9e48eee7b62\" class=\"text-info\">Ort<\/label><\/div>\n\t\t\t\t\t<div class=\"input\"><input class=\"wp-exclude-emoji gwolle_gb_722f06d834f56f4e98fec9e48eee7b62\" value=\"\" type=\"text\" name=\"gwolle_gb_722f06d834f56f4e98fec9e48eee7b62\" \/><\/div>\n\t\t\t\t\t<div class=\"clearBoth\">&nbsp;<\/div>\n\t\t\t\t<\/div><div class=\"gwolle_gb_0979c3cd00cc362461885014e7f05f72\">\n\t\t\t\t<div class=\"label\"><label for=\"gwolle_gb_0979c3cd00cc362461885014e7f05f72\" class=\"text-info\">E-Mail <span class=\"required\">*<\/span><\/label><\/div>\n\t\t\t\t<div class=\"input\"><input class=\"gwolle_gb_0979c3cd00cc362461885014e7f05f72\" value=\"\" type=\"email\" name=\"gwolle_gb_0979c3cd00cc362461885014e7f05f72\" required \/><\/div>\n\t\t\t\t<div class=\"clearBoth\">&nbsp;<\/div>\n\t\t\t<\/div>\n\t\t\t<div class=\"gwolle_gb_223712738b86db7365b4db0b7251aaeb\" style=\"display:none;overflow:hidden;\">\n\t\t\t\t<div class=\"label\">\n\t\t\t\t\t<label for=\"gwolle_gb_223712738b86db7365b4db0b7251aaeb\" class=\"text-primary\">Hier nichts eingeben<\/label>\n\t\t\t\t\t<label for=\"gwolle_gb_6b10ca747858a479e8baf5175c113bc7\" class=\"text-primary\">Hier nichts eingeben<\/label>\n\t\t\t\t<\/div>\n\t\t\t\t<div class=\"input\">\n\t\t\t\t\t<input value=\"41\" type=\"text\" name=\"gwolle_gb_223712738b86db7365b4db0b7251aaeb\" class=\"gwolle_gb_223712738b86db7365b4db0b7251aaeb\" style=\"transform: translateY(10000px);\" \/>\n\t\t\t\t\t<input value=\"\" type=\"text\" name=\"gwolle_gb_6b10ca747858a479e8baf5175c113bc7\" class=\"gwolle_gb_6b10ca747858a479e8baf5175c113bc7\" style=\"transform: translateY(10000px);\" \/>\n\t\t\t\t<\/div>\n\t\t\t\t<div class=\"clearBoth\"><\/div>\n\t\t\t<\/div>\n\t\t\t<div class=\"gwolle_gb_e886512ee8b9294aab200c5e017f4618\" style=\"display:none;overflow:hidden;\">\n\t\t\t\t<div class=\"label\">\n\t\t\t\t\t<label for=\"gwolle_gb_e886512ee8b9294aab200c5e017f4618\" class=\"text-primary\">Hier nichts eingeben<\/label>\n\t\t\t\t\t<label for=\"gwolle_gb_324ea7b36381b580ea69ee76a5932850\" class=\"text-primary\">Hier nichts eingeben<\/label>\n\t\t\t\t<\/div>\n\t\t\t\t<div class=\"input\">\n\t\t\t\t\t<input value=\"55132\" type=\"text\" name=\"gwolle_gb_e886512ee8b9294aab200c5e017f4618\" class=\"gwolle_gb_e886512ee8b9294aab200c5e017f4618\" style=\"transform: translateY(10000px);\" \/>\n\t\t\t\t\t<input value=\"55132\" type=\"text\" name=\"gwolle_gb_324ea7b36381b580ea69ee76a5932850\" class=\"gwolle_gb_324ea7b36381b580ea69ee76a5932850\" style=\"transform: translateY(10000px);\" \/>\n\t\t\t\t<\/div>\n\t\t\t\t<div class=\"clearBoth\"><\/div>\n\t\t\t<\/div><div class=\"gwolle_gb_content\">\n\t\t\t\t<div class=\"label\"><label for=\"gwolle_gb_content\" class=\"text-info\">G\u00e4stebucheintrag <span class=\"required\">*<\/span><\/label><\/div>\n\t\t\t\t<div class=\"input\"><textarea name=\"gwolle_gb_content\" class=\"gwolle_gb_content wp-exclude-emoji\" required ><\/textarea><\/div>\n\t\t\t\t\t<div class=\"clearBoth\">&nbsp;<\/div>\n\t\t\t\t<\/div><input type=\"hidden\" class=\"gwolle_gb_9d1efb122b0fe18065325decaa86c921\" name=\"gwolle_gb_9d1efb122b0fe18065325decaa86c921\" value=\"0c061a90a7\" \/>\n\t\t\t<div class=\"gwolle_gb_messages_bottom_container\"><\/div>\n\n\t\t\t<noscript><div class=\"no-js\">Warnung: Dieses Formular kann nur verwendet werden, wenn in deinem Browser JavaScript aktiviert ist.<\/div><\/noscript>\n\n\t\t\t<div class=\"gwolle_gb_submit\">\n\t\t\t\t<div class=\"label gwolle-gb-invisible text-muted\">&nbsp;<\/div>\n\t\t\t\t<div class=\"input\">\n\t\t\t\t\t<input type=\"submit\" name=\"gwolle_gb_submit\" class=\"gwolle_gb_submit button btn btn-primary \" value=\"Absenden\" \/>\n\t\t\t\t\t<span class=\"gwolle_gb_submit_ajax_icon\"><\/span>\n\t\t\t\n\t\t\t\t<\/div>\n\t\t\t\t<div class=\"clearBoth\">&nbsp;<\/div>\n\t\t\t<\/div>\n\n\t\t\t<div class=\"gwolle_gb_notice\">\n\t\t\t\tMit * gekennzeichnete Felder sind Pflichtfelder.<br \/>\r\nDie E-Mail-Adresse wird nicht ver\u00f6ffentlicht.<br \/>\r\nAus Sicherheitsgr\u00fcnden speichern wir die IP-Adresse 216.73.216.161.<br \/>\r\nEs k\u00f6nnte sein, dass der Eintrag im G\u00e4stebuch erst sichtbar ist, nachdem wir ihn gepr\u00fcft haben.<br \/>\r\nWir behalten uns das Recht vor, Eintr\u00e4ge zu bearbeiten, zu l\u00f6schen oder Eintr\u00e4ge nicht zu ver\u00f6ffentlichen.\n\t\t\t<\/div><\/form><div class=\"gwolle-gb-read gwolle-gb-ajax gwolle-gb-entries-list\" data-book_id=\"1\" data-page_id=\"1\">\n\t\t<div id=\"gwolle-gb-total\" class=\"gwolle-gb-total\">4 Eintr\u00e4ge<\/div><!-- Gwolle-GB Entry: Default Template Loaded -->\n\t\t\t\t<div class=\"gb-entry gb-entry_7 gb-entry-count_1 gwolle_gb_uneven gwolle-gb-uneven gwolle-gb-first\" data-entry_id=\"7\">\n\t\t\t\t<article>\n\t\t\t\t\t<div class=\"gb-author-info\">\n\t\t\t\t\t\t<span class=\"gb-author-avatar\"><img referrerpolicy=\"no-referrer\" alt='Andreas Georg ( ehemals Streit)' src='http:\/\/2.gravatar.com\/avatar\/2ffb6a67ac3ab3f08f1573ab11a61fdf?s=32&#038;d=mm&#038;r=g' srcset='http:\/\/2.gravatar.com\/avatar\/2ffb6a67ac3ab3f08f1573ab11a61fdf?s=64&#038;d=mm&#038;r=g 2x' class='avatar avatar-32 photo' height='32' width='32' loading='lazy'\/><\/span>\n\t\t\t\t\t\t<span class=\"gb-author-name\">Andreas Georg ( ehemals Streit)\n\t\t\t\t\t\t<\/span>\n\t\t\t\t\t\t<span class=\"gb-author-origin\">\n\t\t\t\t\t\t\t<span class=\"gb-author-origin-from-text\"> aus<\/span>\n\t\t\t\t\t\t\t<span class=\"gb-author-origin-text\"> Boizenburg<\/span>\n\t\t\t\t\t\t<\/span>\n\t\t\t\t\t\t<span class=\"gb-datetime\">\n\t\t\t\t\t\t\t<span class=\"gb-date\"><span class=\"gb-date-wrote-text\"> schrieb am<\/span><span class=\"gb-date-text\"> 15\/03\/2024<\/span>\n\t\t\t\t\t\t\t<\/span><span class=\"gb-time\">\n\t\t\t\t\t\t\t\t\t<span class=\"gb-time-at-text\"> um<\/span>\n\t\t\t\t\t\t\t\t\t<span class=\"gb-time-text\"> 10:51<\/span>\n\t\t\t\t\t\t\t\t<\/span>\n\t\t\t\t\t\t<\/span> \n\t\t\t\t\t<\/div>\n\t\t\t\t\t<div class=\"gb-entry-content\">Als j\u00fcngster Sohn, der letzten Bewohner der Wasserm\u00fchle, kann ich nur sagen, das ich es geliebt habe, dort meine Kindheit zu verbringen. Leider mussten wir aus der M\u00fchle ausziehen als ich gerade mal 6 Jahre alt war.\nWas kann man sich als kleiner Junge mehr w\u00fcnschen, als einen Wald, einen Teich und einen Spielplatz direkt vor der T\u00fcr zu haben.\n\t\t\t\t\t<\/div>\n\t\t\t\t<\/article>\n\t\t\t<\/div>\n\t\t\t<div class=\"gb-entry gb-entry_4 gb-entry-count_2 gwolle_gb_even gwolle-gb-even\" data-entry_id=\"4\">\n\t\t\t\t<article>\n\t\t\t\t\t<div class=\"gb-author-info\">\n\t\t\t\t\t\t<span class=\"gb-author-avatar\"><img referrerpolicy=\"no-referrer\" alt='Michael Kn\u00fcr' src='http:\/\/0.gravatar.com\/avatar\/6c15e64ab725a2f42707a62b257eb18b?s=32&#038;d=mm&#038;r=g' srcset='http:\/\/0.gravatar.com\/avatar\/6c15e64ab725a2f42707a62b257eb18b?s=64&#038;d=mm&#038;r=g 2x' class='avatar avatar-32 photo' height='32' width='32' loading='lazy'\/><\/span>\n\t\t\t\t\t\t<span class=\"gb-author-name\">Michael Kn\u00fcr\n\t\t\t\t\t\t<\/span>\n\t\t\t\t\t\t<span class=\"gb-author-origin\">\n\t\t\t\t\t\t\t<span class=\"gb-author-origin-from-text\"> aus<\/span>\n\t\t\t\t\t\t\t<span class=\"gb-author-origin-text\"> Hamburg<\/span>\n\t\t\t\t\t\t<\/span>\n\t\t\t\t\t\t<span class=\"gb-datetime\">\n\t\t\t\t\t\t\t<span class=\"gb-date\"><span class=\"gb-date-wrote-text\"> schrieb am<\/span><span class=\"gb-date-text\"> 13\/05\/2018<\/span>\n\t\t\t\t\t\t\t<\/span><span class=\"gb-time\">\n\t\t\t\t\t\t\t\t\t<span class=\"gb-time-at-text\"> um<\/span>\n\t\t\t\t\t\t\t\t\t<span class=\"gb-time-text\"> 18:39<\/span>\n\t\t\t\t\t\t\t\t<\/span>\n\t\t\t\t\t\t<\/span> \n\t\t\t\t\t<\/div>\n\t\t\t\t\t<div class=\"gb-entry-content\">Als kleines Kind war ich \u00f6fter in der alten Wasserm\u00fchle. Ich fand sie damals unheimlich spannend, weil dort auch Teile meiner Familie gelebt haben. Kurt Kn\u00fcr war mein Gro\u00dfvater, Helmuth Kn\u00fcr mein Patenonkel. Durch Zufall bin ich auf diese Seite gestossen und sie hat mir Lust gemacht, wieder einmal nach Obelgoenne zu kommen. Herzliche Gr\u00fc\u00dfe, Michael Kn\u00fcr\n\t\t\t\t\t<\/div>\n\t\t\t\t<\/article>\n\t\t\t<\/div>\n\t\t\t<div class=\"gb-entry gb-entry_3 gb-entry-count_3 gwolle_gb_uneven gwolle-gb-uneven\" data-entry_id=\"3\">\n\t\t\t\t<article>\n\t\t\t\t\t<div class=\"gb-author-info\">\n\t\t\t\t\t\t<span class=\"gb-author-avatar\"><img referrerpolicy=\"no-referrer\" alt='Bernd Krawczyk' src='http:\/\/0.gravatar.com\/avatar\/6cc52b7ddb3c8f2d8027b5a662a91a06?s=32&#038;d=mm&#038;r=g' srcset='http:\/\/0.gravatar.com\/avatar\/6cc52b7ddb3c8f2d8027b5a662a91a06?s=64&#038;d=mm&#038;r=g 2x' class='avatar avatar-32 photo' height='32' width='32' loading='lazy'\/><\/span>\n\t\t\t\t\t\t<span class=\"gb-author-name\">Bernd Krawczyk\n\t\t\t\t\t\t<\/span>\n\t\t\t\t\t\t<span class=\"gb-datetime\">\n\t\t\t\t\t\t\t<span class=\"gb-date\"><span class=\"gb-date-wrote-text\"> schrieb am<\/span><span class=\"gb-date-text\"> 03\/05\/2018<\/span>\n\t\t\t\t\t\t\t<\/span><span class=\"gb-time\">\n\t\t\t\t\t\t\t\t\t<span class=\"gb-time-at-text\"> um<\/span>\n\t\t\t\t\t\t\t\t\t<span class=\"gb-time-text\"> 15:13<\/span>\n\t\t\t\t\t\t\t\t<\/span>\n\t\t\t\t\t\t<\/span> \n\t\t\t\t\t<\/div>\n\t\t\t\t\t<div class=\"gb-entry-content\">Verehrter Vorstand,\r\nda ich schon h\u00e4ufig und gern die Veranstaltungen in der M\u00fchle besucht habe und auch schon einmal dort eine gem\u00fctliche Feier erlebt habe, hielt ich es nun f\u00fcr an der Zeit, dem Verein beizutreten.\r\nUnd schon habe ich etwas zu meckern. Nein, eigentlich nicht zu meckern, sondern einen Vorschlag zu machen.\r\nK\u00f6nnte man das Aufnahmeschreiben nicht ein wenig verbindlicher gestalten?\r\nAls erstes fehlt jegliche Anrede, es folgt kein freundlicher Satz, gar nichts. Keine Unterschrift, nicht einmal der Name des Vorstands!\r\nEs kostet doch nichts, wenn das Schreiben z.B. wie folgt beginnen w\u00fcrde: \r\n&#034;Sehr geehrter (Lieber) Herr X, sehr geehrte Frau X, wir freuen uns, Sie als Mitglied in unserem Verein begr\u00fc\u00dfen zu k\u00f6nnen. Wir haben folgende Daten von Ihnen notiert:  usw.&#034;\r\nAls Mitglied sollte man doch auch die Satzung kennen, d.h. sie sollte doch dem Aufnahmeschreiben beiliegen.\r\nWeiterhin vermisse ich eine Beschreibung der Aktivit\u00e4ten, die auf mich zukommen.\r\nSo, das wollte ich einmal loswerden. Kann ich trotzdem Mitglied bleiben?\r\nFreundliche Gr\u00fc\u00dfe\r\nBernd Krawczyk\n\t\t\t\t\t<\/div>\n\t\t\t\t<\/article>\n\t\t\t<\/div>\n\t\t\t<div class=\"gb-entry gb-entry_2 gb-entry-count_4 gwolle_gb_even gwolle-gb-even\" data-entry_id=\"2\">\n\t\t\t\t<article>\n\t\t\t\t\t<div class=\"gb-author-info\">\n\t\t\t\t\t\t<span class=\"gb-author-avatar\"><img referrerpolicy=\"no-referrer\" alt='Robert' src='http:\/\/0.gravatar.com\/avatar\/07b9b3230f02903a34eb89d4cdbfc8fd?s=32&#038;d=mm&#038;r=g' srcset='http:\/\/0.gravatar.com\/avatar\/07b9b3230f02903a34eb89d4cdbfc8fd?s=64&#038;d=mm&#038;r=g 2x' class='avatar avatar-32 photo' height='32' width='32' loading='lazy'\/><\/span>\n\t\t\t\t\t\t<span class=\"gb-author-name\">Robert\n\t\t\t\t\t\t<\/span>\n\t\t\t\t\t\t<span class=\"gb-author-origin\">\n\t\t\t\t\t\t\t<span class=\"gb-author-origin-from-text\"> aus<\/span>\n\t\t\t\t\t\t\t<span class=\"gb-author-origin-text\"> Bad Krozingen<\/span>\n\t\t\t\t\t\t<\/span>\n\t\t\t\t\t\t<span class=\"gb-datetime\">\n\t\t\t\t\t\t\t<span class=\"gb-date\"><span class=\"gb-date-wrote-text\"> schrieb am<\/span><span class=\"gb-date-text\"> 15\/02\/2018<\/span>\n\t\t\t\t\t\t\t<\/span><span class=\"gb-time\">\n\t\t\t\t\t\t\t\t\t<span class=\"gb-time-at-text\"> um<\/span>\n\t\t\t\t\t\t\t\t\t<span class=\"gb-time-text\"> 15:02<\/span>\n\t\t\t\t\t\t\t\t<\/span>\n\t\t\t\t\t\t<\/span> \n\t\t\t\t\t<\/div>\n\t\t\t\t\t<div class=\"gb-entry-content\">Als Erbauer dieser Homepage, wird mir die Ehre zuteil den ersten Beitrag in diesem G\u00e4stebuch zu hinterlassen, ich hoffe viele werden folgen. Und so sende ich die besten Gr\u00fc\u00dfe aus dem Markgr\u00e4flerland in den &#034;sch\u00f6nsten Teil Deutschlands&#034;. \r\nAlles Gute \r\nRF\n\t\t\t\t\t<\/div>\n\t\t\t\t<\/article>\n\t\t\t<\/div>\n\t\t\t<\/div><\/div>\n","protected":false},"excerpt":{"rendered":"<div class=\"mh-excerpt\"><\/div>","protected":false},"author":1,"featured_media":0,"parent":0,"menu_order":12,"comment_status":"closed","ping_status":"closed","template":"","meta":[],"_links":{"self":[{"href":"http:\/\/wassermuehle-ovelgoenne.de\/index.php?rest_route=\/wp\/v2\/pages\/77"}],"collection":[{"href":"http:\/\/wassermuehle-ovelgoenne.de\/index.php?rest_route=\/wp\/v2\/pages"}],"about":[{"href":"http:\/\/wassermuehle-ovelgoenne.de\/index.php?rest_route=\/wp\/v2\/types\/page"}],"author":[{"embeddable":true,"href":"http:\/\/wassermuehle-ovelgoenne.de\/index.php?rest_route=\/wp\/v2\/users\/1"}],"replies":[{"embeddable":true,"href":"http:\/\/wassermuehle-ovelgoenne.de\/index.php?rest_route=%2Fwp%2Fv2%2Fcomments&post=77"}],"version-history":[{"count":1,"href":"http:\/\/wassermuehle-ovelgoenne.de\/index.php?rest_route=\/wp\/v2\/pages\/77\/revisions"}],"predecessor-version":[{"id":867,"href":"http:\/\/wassermuehle-ovelgoenne.de\/index.php?rest_route=\/wp\/v2\/pages\/77\/revisions\/867"}],"wp:attachment":[{"href":"http:\/\/wassermuehle-ovelgoenne.de\/index.php?rest_route=%2Fwp%2Fv2%2Fmedia&parent=77"}],"curies":[{"name":"wp","href":"https:\/\/api.w.org\/{rel}","templated":true}]}}